{"id":372,"date":"2025-08-20T06:51:21","date_gmt":"2025-08-20T06:51:21","guid":{"rendered":"https:\/\/estudiroma.com\/aviso-legal\/"},"modified":"2025-08-20T17:15:12","modified_gmt":"2025-08-20T17:15:12","slug":"aviso-legal","status":"publish","type":"page","link":"https:\/\/estudiroma.com\/es\/aviso-legal\/","title":{"rendered":"Aviso legal"},"content":{"rendered":"\n<div class=\"wp-block-uagb-container uagb-block-eaf192b7 alignfull uagb-is-root-container\"><div class=\"uagb-container-inner-blocks-wrap\">\n<div style=\"height:100px\" aria-hidden=\"true\" class=\"wp-block-spacer\"><\/div>\n\n\n\n<h2 class=\"wp-block-heading\">Aviso legal<\/h2>\n\n\n\n<p>ESTUDI ROMA SOLSONA S.L., responsable del sitio web, \u201cen adelante el RESPONSABLE, pone a<br\/>disposici\u00f3n de los usuarios este documento, con el cual pretende cumplir las obligaciones que establece la<br\/>Ley 34\/2002, de 11 de julio, de Servicios de la Sociedad de la Informaci\u00f3n y de Comercio Electr\u00f3nico<br\/>(LSSICE), BOE N.\u00ba 166, as\u00ed como informar a todos los usuarios del sitio web sobre cu\u00e1les son las condiciones<br\/>de\u201d uso.<br\/>Cualquier persona que acceda a este sitio web asume el papel d \u201cusuario y se compromete a<br\/>la\u201d observancia y cumplimiento riguroso de las disposiciones que s \u201cestablecen en \u00e9l, as\u00ed como a cualquier otra<br\/>disposici\u00f3n legal que se\u201d aplique.<br\/>ESTUDI ROMA SOLSONA S.L. se reserva el derecho de modificar cualquier tipo de informaci\u00f3n que pueda<br\/>aparecer en el sitio web, sin la obligaci\u00f3n de preavisar o informar a los usuarios de estas obligaciones,<br\/>dado que se considera suficiente la publicaci\u00f3n en el sitio web de ESTUDI ROMA SOLSONA S.L..<\/p>\n\n\n\n<p><strong>1. DATOS IDENTIFICATIVOS<\/strong><\/p>\n\n\n\n<p>Nombre del dominio: estudiroma.com<br\/>Nombre comercial:<br\/>Denominaci\u00f3n social: ESTUDI ROMA SOLSONA S.L.<br\/>NIF: B19478312<br\/>Domicilio social: Pla\u00e7a Sant Joan, 12, 25280 Solsona<br\/>Tel\u00e9fono: +34 637 70 36 19<br\/>E-mail: info@estudiroma.com<\/p>\n\n\n\n<p><strong>2. DERECHOS DE PROPIEDAD INTELECTUAL E INDUSTRIAL<\/strong><\/p>\n\n\n\n<p>El sitio web, incluyendo a t\u00edtulo enunciativo pero no limitativo su programaci\u00f3n, edici\u00f3n, compilaci\u00f3n y otros<br\/>elementos necesarios para su funcionamiento, los dise\u00f1os, logotipos, texto y\/o gr\u00e1ficos, son propiedad del<br\/>RESPONSABLE o, en su caso, dispone de licencia o autorizaci\u00f3n expresa por parte de los autores. Todos<br\/>los contenidos del sitio web se encuentran debidamente protegidos por la normativa de propiedad intelectual e<br\/>industrial, as\u00ed como inscritos en los registros p\u00fablicos correspondientes.<br\/>Independientemente de la finalidad para la que fueran destinados, la reproducci\u00f3n total o parcial, uso,<br\/>explotaci\u00f3n, distribuci\u00f3n y comercializaci\u00f3n, requiere en todo caso la autorizaci\u00f3n escrita previa por parte del<br\/>RESPONSABLE. Cualquier uso no autorizado previamente se considera un incumplimiento grave de los derechos<br\/>de propiedad intelectual o industrial del \u201cautor.<br\/>Los dise\u00f1os, logotipos, texto y\/o gr\u00e1ficos ajenos al RESPONSABLE y que puedan aparecer en el sitio web,<br\/>pertenecen a sus respectivos propietarios, siendo ellos mismos responsables de cualquier posible<br\/>controversia que se\u201d pueda derivar. El RESPONSABLE autoriza expresamente que terceros<br\/>puedan redirigir directamente a los contenidos concretos del sitio web, y en todo caso redirigir al sitio web<br\/>principal de estudiroma.com.<br\/>El RESPONSABLE reconoce a favor de sus titulares los correspondientes derechos de propiedad intelectual e<br\/>industrial, sin implicar su mera menci\u00f3n o aparici\u00f3n en el sitio web la existencia de derechos o responsabilidad sobre los mismos, ni el apoyo, patrocinio o recomendaci\u00f3n por parte del RESPONSABLE.<br\/>Para realizar cualquier tipo de observaci\u00f3n respecto a posibles incumplimientos de los derechos de propiedad<br\/>intelectual o industrial, as\u00ed como sobre cualquiera de los contenidos del sitio web, puede hacerlo a trav\u00e9s del<br\/>correo electr\u00f3nico info@estudiroma.com<\/p>\n\n\n\n<p><strong>3. EXENCI\u00d3N DE RESPONSABILIDADES<\/strong><\/p>\n\n\n\n<p>El RESPONSABLE \u201cse exime de cualquier tipo de responsabilidad derivada de la informaci\u00f3n publicada<br\/>en su sitio web siempre que no tenga conocimiento efectivo de que esta informaci\u00f3n haya sido<br\/>manipulada o introducida por un tercero ajeno a la misma o, si lo tiene, haya actuado con diligencia para retirar<br\/>los datos o hacer imposible el\u201d acceso a ellos.<\/p>\n\n\n\n<p><strong>Uso de Cookies<\/strong><br\/>Este sitio web puede utilizar cookies t\u00e9cnicas (peque\u00f1os archivos d \u201cinformaci\u00f3n que el servidor env\u00eda al<br\/>\u201d ordenador de quien accede a la p\u00e1gina) para llevar a cabo determinadas funciones que se consideran<br\/>imprescindibles para el correcto funcionamiento y visualizaci\u00f3n de la web. Las cookies utilizadas tienen, en<br\/>cualquier caso, car\u00e1cter temporal, con la \u201c\u00fanica finalidad de hacer que la navegaci\u00f3n sea m\u00e1s eficiente, y<br\/>desaparecen al finalizar la sesi\u00f3n del\u201d usuario. En ning\u00fan caso, estas cookies proporcionan por s\u00ed<br\/>mismas datos de car\u00e1cter personal y no se \u201cutilizar\u00e1n para recoger datos\u201d de este tipo.<br\/>Mediante el \u201cuso de cookies tambi\u00e9n es posible que el servidor donde se encuentra la web reconozca el navegador<br\/>que utiliza el\u201d usuario, con la finalidad de que la navegaci\u00f3n sea m\u00e1s sencilla, permitiendo, por ejemplo,<br\/>el \u201cacceso de los usuarios que se\u201d hayan registrado previamente a las \u00e1reas, servicios, promociones o concursos<br\/>reservados exclusivamente a ellos sin tener que registrarse en cada visita. Tambi\u00e9n se pueden utilizar para<br\/>medir la \u201caudiencia, par\u00e1metros de tr\u00e1fico, controlar el progreso y el n\u00famero de\u201d entradas, etc. En estos<br\/>casos, las cookies son prescindibles t\u00e9cnicamente pero beneficiosas para el usuario. Este sitio web no<br\/>instalar\u00e1 cookies prescindibles sin el consentimiento previo del \u201cusuario.<br\/>El\u201d usuario tiene la posibilidad de configurar su navegador para ser alertado de la recepci\u00f3n de cookies y para<br\/>impedir su instalaci\u00f3n en su equipo. Por favor, consulte las instrucciones de su navegador para<br\/>ampliar esta informaci\u00f3n.<br\/><br\/><strong>Pol\u00edtica de enlaces<\/strong><br\/>Desde el sitio web, es posible que se redirija a contenidos de terceros sitios web. Dado que el<br\/>RESPONSABLE no puede controlar siempre los contenidos introducidos por terceros en sus sitios web<br\/>respectivos, no asume ning\u00fan tipo de responsabilidad respecto a dichos contenidos. En cualquier caso,<br\/>retirar\u00e1 inmediatamente cualquier contenido que pueda transgredir la legislaci\u00f3n nacional o internacional,<br\/>la moral o el orden p\u00fablico, retirando inmediatamente la redirecci\u00f3n a dicho sitio web e informando a las<br\/>autoridades competentes del contenido en cuesti\u00f3n.<br\/>El RESPONSABLE no se hace responsable de la informaci\u00f3n y contenidos almacenados, a t\u00edtulo<br\/>enunciativo pero no limitativo, en foros, chats, generadores de blogs, comentarios, redes sociales o<br\/>cualquier otro medio que permita a terceros publicar contenidos de forma independiente en la p\u00e1gina web<br\/>del RESPONSABLE. No obstante, y en cumplimiento de lo establecido en los art\u00edculos 11 y 16 de la<br\/>LSSICE, se pone a disposici\u00f3n de todos los usuarios, autoridades y fuerzas de seguridad que colaboran de<br\/>manera activa en la retirada o, en su caso, bloqueo de todos los contenidos que puedan afectar o<br\/>transgredir la legislaci\u00f3n nacional o internacional, los derechos de terceros o la moral y el orden p\u00fablico. En caso<br\/>de que el \u201cusuario considere que el sitio web contiene material que pueda ser susceptible de\u201d esta clasificaci\u00f3n, le<br\/>rogamos que lo notifique inmediatamente al \u201cadministrador del sitio web.<br\/>Este sitio web se\u201d ha revisado y probado para que funcione correctamente. En principio, se puede garantizar que<br\/>funcionar\u00e1 correctamente los 365 d\u00edas del a\u00f1o y las 24 horas al d\u00eda. No obstante, el RESPONSABLE<br\/>no descarta la posibilidad de que se produzcan errores de programaci\u00f3n, o que ocurran causas de<br\/>fuerza mayor, cat\u00e1strofes naturales, huelgas o circunstancias similares que hagan imposible el acceso a la<br\/>p\u00e1gina web.<br\/><br\/><strong>Direcciones IP<\/strong><br\/>Los servidores del sitio web podr\u00e1n detectar autom\u00e1ticamente la \u201cdirecci\u00f3n IP y el nombre de dominio utilizados por<br\/>el\u201d usuario. Una direcci\u00f3n IP es un n\u00famero asignado autom\u00e1ticamente a un ordenador cuando se conecta a<br\/>Internet. Toda esta informaci\u00f3n queda registrada en un fichero de actividad del servidor que permite<br\/>procesar los datos posteriormente para obtener mediciones \u00fanicamente estad\u00edsticas que permitan<br\/>conocer el n\u00famero de impresiones de p\u00e1ginas, el n\u00famero de visitas realizadas a los servidores web,<br\/>el orden de visitas, el punto de acceso, etc.<\/p>\n\n\n\n<p><strong>4. LEY APLICABLE Y JURISDICCI\u00d3N<\/strong><\/p>\n\n\n\n<p>Para la resoluci\u00f3n de todas las controversias o cuestiones relacionadas con este sitio web o de las<br\/>actividades que \u201cse desarrollan en \u00e9l, se\u201d aplicar\u00e1 la legislaci\u00f3n espa\u00f1ola, a la cual se someten expresamente<br\/>las partes, quienes tendr\u00e1n competencia suficiente para la resoluci\u00f3n de todos los conflictos derivados o<br\/>relacionados con su uso los Juzgados y Tribunales del domicilio del \u201cUSUARIO o el lugar de cumplimiento de<br\/>la\u201d obligaci\u00f3n.<\/p>\n<\/div><\/div>\n","protected":false},"excerpt":{"rendered":"<p>Aviso legal ESTUDI ROMA SOLSONA S.L., responsable del sitio web, \u201cen adelante el RESPONSABLE, pone adisposici\u00f3n de los usuarios este [&hellip;]<\/p>\n","protected":false},"author":1,"featured_media":0,"parent":0,"menu_order":6,"comment_status":"closed","ping_status":"closed","template":"","meta":{"_uag_custom_page_level_css":"","site-sidebar-layout":"default","site-content-layout":"","ast-site-content-layout":"default","site-content-style":"default","site-sidebar-style":"default","ast-global-header-display":"","ast-banner-title-visibility":"","ast-main-header-display":"","ast-hfb-above-header-display":"","ast-hfb-below-header-display":"","ast-hfb-mobile-header-display":"","site-post-title":"","ast-breadcrumbs-content":"","ast-featured-img":"","footer-sml-layout":"","theme-transparent-header-meta":"","adv-header-id-meta":"","stick-header-meta":"","header-above-stick-meta":"","header-main-stick-meta":"","header-below-stick-meta":"","astra-migrate-meta-layouts":"default","ast-page-background-enabled":"default","ast-page-background-meta":{"desktop":{"background-color":"var(--ast-global-color-5)","background-image":"","background-repeat":"repeat","background-position":"center center","background-size":"auto","background-attachment":"scroll","background-type":"","background-media":"","overlay-type":"","overlay-color":"","overlay-opacity":"","overlay-gradient":""},"tablet":{"background-color":"","background-image":"","background-repeat":"repeat","background-position":"center center","background-size":"auto","background-attachment":"scroll","background-type":"","background-media":"","overlay-type":"","overlay-color":"","overlay-opacity":"","overlay-gradient":""},"mobile":{"background-color":"","background-image":"","background-repeat":"repeat","background-position":"center center","background-size":"auto","background-attachment":"scroll","background-type":"","background-media":"","overlay-type":"","overlay-color":"","overlay-opacity":"","overlay-gradient":""}},"ast-content-background-meta":{"desktop":{"background-color":"var(--ast-global-color-4)","background-image":"","background-repeat":"repeat","background-position":"center center","background-size":"auto","background-attachment":"scroll","background-type":"","background-media":"","overlay-type":"","overlay-color":"","overlay-opacity":"","overlay-gradient":""},"tablet":{"background-color":"var(--ast-global-color-4)","background-image":"","background-repeat":"repeat","background-position":"center center","background-size":"auto","background-attachment":"scroll","background-type":"","background-media":"","overlay-type":"","overlay-color":"","overlay-opacity":"","overlay-gradient":""},"mobile":{"background-color":"var(--ast-global-color-4)","background-image":"","background-repeat":"repeat","background-position":"center center","background-size":"auto","background-attachment":"scroll","background-type":"","background-media":"","overlay-type":"","overlay-color":"","overlay-opacity":"","overlay-gradient":""}},"footnotes":""},"class_list":["post-372","page","type-page","status-publish","hentry"],"yoast_head":"<!-- This site is optimized with the Yoast SEO plugin v25.7 - https:\/\/yoast.com\/wordpress\/plugins\/seo\/ -->\n<title>Aviso legal - Estudi ROMA<\/title>\n<meta name=\"robots\" content=\"index, follow, max-snippet:-1, max-image-preview:large, max-video-preview:-1\" \/>\n<link rel=\"canonical\" href=\"https:\/\/estudiroma.com\/es\/aviso-legal\/\" \/>\n<meta property=\"og:locale\" content=\"es_ES\" \/>\n<meta property=\"og:type\" content=\"article\" \/>\n<meta property=\"og:title\" content=\"Aviso legal - Estudi ROMA\" \/>\n<meta property=\"og:description\" content=\"Aviso legal ESTUDI ROMA SOLSONA S.L., responsable del sitio web, \u201cen adelante el RESPONSABLE, pone adisposici\u00f3n de los usuarios este [&hellip;]\" \/>\n<meta property=\"og:url\" content=\"https:\/\/estudiroma.com\/es\/aviso-legal\/\" \/>\n<meta property=\"og:site_name\" content=\"Estudi ROMA\" \/>\n<meta property=\"article:modified_time\" content=\"2025-08-20T17:15:12+00:00\" \/>\n<meta name=\"twitter:card\" content=\"summary_large_image\" \/>\n<meta name=\"twitter:label1\" content=\"Tiempo de lectura\" \/>\n\t<meta name=\"twitter:data1\" content=\"6 minutos\" \/>\n<script type=\"application\/ld+json\" class=\"yoast-schema-graph\">{\"@context\":\"https:\/\/schema.org\",\"@graph\":[{\"@type\":\"WebPage\",\"@id\":\"https:\/\/estudiroma.com\/es\/aviso-legal\/\",\"url\":\"https:\/\/estudiroma.com\/es\/aviso-legal\/\",\"name\":\"Aviso legal - Estudi ROMA\",\"isPartOf\":{\"@id\":\"https:\/\/estudiroma.com\/es\/#website\"},\"datePublished\":\"2025-08-20T06:51:21+00:00\",\"dateModified\":\"2025-08-20T17:15:12+00:00\",\"breadcrumb\":{\"@id\":\"https:\/\/estudiroma.com\/es\/aviso-legal\/#breadcrumb\"},\"inLanguage\":\"es\",\"potentialAction\":[{\"@type\":\"ReadAction\",\"target\":[\"https:\/\/estudiroma.com\/es\/aviso-legal\/\"]}]},{\"@type\":\"BreadcrumbList\",\"@id\":\"https:\/\/estudiroma.com\/es\/aviso-legal\/#breadcrumb\",\"itemListElement\":[{\"@type\":\"ListItem\",\"position\":1,\"name\":\"Inici\",\"item\":\"https:\/\/estudiroma.com\/es\/\"},{\"@type\":\"ListItem\",\"position\":2,\"name\":\"Aviso legal\"}]},{\"@type\":\"WebSite\",\"@id\":\"https:\/\/estudiroma.com\/es\/#website\",\"url\":\"https:\/\/estudiroma.com\/es\/\",\"name\":\"Estudi ROMA\",\"description\":\"Dissenyem, constru\u00efm i rehabilitem espais amb personalitat \",\"publisher\":{\"@id\":\"https:\/\/estudiroma.com\/es\/#organization\"},\"potentialAction\":[{\"@type\":\"SearchAction\",\"target\":{\"@type\":\"EntryPoint\",\"urlTemplate\":\"https:\/\/estudiroma.com\/es\/?s={search_term_string}\"},\"query-input\":{\"@type\":\"PropertyValueSpecification\",\"valueRequired\":true,\"valueName\":\"search_term_string\"}}],\"inLanguage\":\"es\"},{\"@type\":\"Organization\",\"@id\":\"https:\/\/estudiroma.com\/es\/#organization\",\"name\":\"Estudi ROMA\",\"url\":\"https:\/\/estudiroma.com\/es\/\",\"logo\":{\"@type\":\"ImageObject\",\"inLanguage\":\"es\",\"@id\":\"https:\/\/estudiroma.com\/es\/#\/schema\/logo\/image\/\",\"url\":\"https:\/\/estudiroma.com\/wp-content\/uploads\/2025\/08\/roma.png\",\"contentUrl\":\"https:\/\/estudiroma.com\/wp-content\/uploads\/2025\/08\/roma.png\",\"width\":150,\"height\":141,\"caption\":\"Estudi ROMA\"},\"image\":{\"@id\":\"https:\/\/estudiroma.com\/es\/#\/schema\/logo\/image\/\"}}]}<\/script>\n<!-- \/ Yoast SEO plugin. -->","yoast_head_json":{"title":"Aviso legal - Estudi ROMA","robots":{"index":"index","follow":"follow","max-snippet":"max-snippet:-1","max-image-preview":"max-image-preview:large","max-video-preview":"max-video-preview:-1"},"canonical":"https:\/\/estudiroma.com\/es\/aviso-legal\/","og_locale":"es_ES","og_type":"article","og_title":"Aviso legal - Estudi ROMA","og_description":"Aviso legal ESTUDI ROMA SOLSONA S.L., responsable del sitio web, \u201cen adelante el RESPONSABLE, pone adisposici\u00f3n de los usuarios este [&hellip;]","og_url":"https:\/\/estudiroma.com\/es\/aviso-legal\/","og_site_name":"Estudi ROMA","article_modified_time":"2025-08-20T17:15:12+00:00","twitter_card":"summary_large_image","twitter_misc":{"Tiempo de lectura":"6 minutos"},"schema":{"@context":"https:\/\/schema.org","@graph":[{"@type":"WebPage","@id":"https:\/\/estudiroma.com\/es\/aviso-legal\/","url":"https:\/\/estudiroma.com\/es\/aviso-legal\/","name":"Aviso legal - Estudi ROMA","isPartOf":{"@id":"https:\/\/estudiroma.com\/es\/#website"},"datePublished":"2025-08-20T06:51:21+00:00","dateModified":"2025-08-20T17:15:12+00:00","breadcrumb":{"@id":"https:\/\/estudiroma.com\/es\/aviso-legal\/#breadcrumb"},"inLanguage":"es","potentialAction":[{"@type":"ReadAction","target":["https:\/\/estudiroma.com\/es\/aviso-legal\/"]}]},{"@type":"BreadcrumbList","@id":"https:\/\/estudiroma.com\/es\/aviso-legal\/#breadcrumb","itemListElement":[{"@type":"ListItem","position":1,"name":"Inici","item":"https:\/\/estudiroma.com\/es\/"},{"@type":"ListItem","position":2,"name":"Aviso legal"}]},{"@type":"WebSite","@id":"https:\/\/estudiroma.com\/es\/#website","url":"https:\/\/estudiroma.com\/es\/","name":"Estudi ROMA","description":"Dissenyem, constru\u00efm i rehabilitem espais amb personalitat ","publisher":{"@id":"https:\/\/estudiroma.com\/es\/#organization"},"potentialAction":[{"@type":"SearchAction","target":{"@type":"EntryPoint","urlTemplate":"https:\/\/estudiroma.com\/es\/?s={search_term_string}"},"query-input":{"@type":"PropertyValueSpecification","valueRequired":true,"valueName":"search_term_string"}}],"inLanguage":"es"},{"@type":"Organization","@id":"https:\/\/estudiroma.com\/es\/#organization","name":"Estudi ROMA","url":"https:\/\/estudiroma.com\/es\/","logo":{"@type":"ImageObject","inLanguage":"es","@id":"https:\/\/estudiroma.com\/es\/#\/schema\/logo\/image\/","url":"https:\/\/estudiroma.com\/wp-content\/uploads\/2025\/08\/roma.png","contentUrl":"https:\/\/estudiroma.com\/wp-content\/uploads\/2025\/08\/roma.png","width":150,"height":141,"caption":"Estudi ROMA"},"image":{"@id":"https:\/\/estudiroma.com\/es\/#\/schema\/logo\/image\/"}}]}},"uagb_featured_image_src":{"full":false,"thumbnail":false,"medium":false,"medium_large":false,"large":false,"1536x1536":false,"2048x2048":false},"uagb_author_info":{"display_name":"estudiroma","author_link":"https:\/\/estudiroma.com\/es\/author\/estudiroma\/"},"uagb_comment_info":0,"uagb_excerpt":"Aviso legal ESTUDI ROMA SOLSONA S.L., responsable del sitio web, \u201cen adelante el RESPONSABLE, pone adisposici\u00f3n de los usuarios este [&hellip;]","_links":{"self":[{"href":"https:\/\/estudiroma.com\/es\/wp-json\/wp\/v2\/pages\/372","targetHints":{"allow":["GET"]}}],"collection":[{"href":"https:\/\/estudiroma.com\/es\/wp-json\/wp\/v2\/pages"}],"about":[{"href":"https:\/\/estudiroma.com\/es\/wp-json\/wp\/v2\/types\/page"}],"author":[{"embeddable":true,"href":"https:\/\/estudiroma.com\/es\/wp-json\/wp\/v2\/users\/1"}],"replies":[{"embeddable":true,"href":"https:\/\/estudiroma.com\/es\/wp-json\/wp\/v2\/comments?post=372"}],"version-history":[{"count":1,"href":"https:\/\/estudiroma.com\/es\/wp-json\/wp\/v2\/pages\/372\/revisions"}],"predecessor-version":[{"id":373,"href":"https:\/\/estudiroma.com\/es\/wp-json\/wp\/v2\/pages\/372\/revisions\/373"}],"wp:attachment":[{"href":"https:\/\/estudiroma.com\/es\/wp-json\/wp\/v2\/media?parent=372"}],"curies":[{"name":"wp","href":"https:\/\/api.w.org\/{rel}","templated":true}]}}