{"id":370,"date":"2025-08-12T09:39:58","date_gmt":"2025-08-12T09:39:58","guid":{"rendered":"https:\/\/estudiroma.com\/contacto\/"},"modified":"2025-09-19T10:16:33","modified_gmt":"2025-09-19T10:16:33","slug":"contacto","status":"publish","type":"page","link":"https:\/\/estudiroma.com\/es\/contacto\/","title":{"rendered":"Contacto"},"content":{"rendered":"\n<div class=\"wp-block-uagb-container main-section contact-section uagb-block-73cdbaac alignfull uagb-is-root-container\">\n<div class=\"wp-block-uagb-image uagb-block-ac8dad6c wp-block-uagb-image--layout-default wp-block-uagb-image--effect-static wp-block-uagb-image--align-none\"><figure class=\"wp-block-uagb-image__figure\"><img decoding=\"async\" srcset=\"https:\/\/estudiroma.com\/wp-content\/uploads\/2025\/08\/jc1179-4777-pano-resized-1-1-1-1.jpg ,https:\/\/estudiroma.com\/wp-content\/uploads\/2025\/08\/jc1179-4777-pano-resized-1-1-1-1.jpg 780w, https:\/\/estudiroma.com\/wp-content\/uploads\/2025\/08\/jc1179-4777-pano-resized-1-1-1-1.jpg 360w\" sizes=\"auto, (max-width: 480px) 150px\" src=\"https:\/\/estudiroma.com\/wp-content\/uploads\/2025\/08\/jc1179-4777-pano-resized-1-1-1-1.jpg\" alt=\"\" class=\"uag-image-264\" width=\"2000\" height=\"1064\" title=\"JC1179-4777-Pano_resized (1) 1 (1)\" loading=\"lazy\" role=\"img\"><\/figure><\/div>\n<\/div>\n\n<div class=\"wp-block-uagb-container uagb-block-841b9e12 alignfull uagb-is-root-container\"><div class=\"uagb-container-inner-blocks-wrap\">\n<div class=\"wp-block-uagb-container uagb-block-afaa5b44\">\n<h2 class=\"wp-block-heading max-w-900\" style=\"margin-top:0;margin-right:0;margin-bottom:0;margin-left:0;padding-top:0;padding-right:0;padding-bottom:0;padding-left:0\">Todos los caminos<br\/>llevan a ROMA<\/h2>\n<\/div>\n\n\n\n<div class=\"wp-block-uagb-container uagb-block-2046b91f\">\n<p>Contacto<br\/>Plaza Sant Joan, 12<br\/>25280 Solsona<br\/>+34 637 70 36 19<br\/>info@estudiroma.com<\/p>\n<\/div>\n\n\n\n<div class=\"wp-block-uagb-container uagb-block-e8ed9a81\"><\/div>\n<\/div><\/div>\n\n<div class=\"wp-block-uagb-forms uagb-forms__outer-wrap uagb-block-79af20fa uagb-forms__medium-btn\"><form class=\"uagb-forms-main-form\" method=\"post\" autocomplete=\"on\" name=\"uagb-form-79af20fa\">\n<div class=\"wp-block-uagb-forms-name uagb-forms-name-wrap uagb-forms-field-set uagb-block-da572a42\"><div class=\"uagb-forms-name-label required uagb-forms-input-label\" id=\"da572a42\">Nombre<\/div><input type=\"text\" placeholder=\"Nombre\" required=\"\" class=\"uagb-forms-name-input uagb-forms-input\" name=\"da572a42\" autocomplete=\"given-name\"><\/div>\n\n\n\n<div class=\"wp-block-uagb-forms-email uagb-forms-email-wrap uagb-forms-field-set uagb-block-5a763f4e\"><div class=\"uagb-forms-email-label uagb-forms-input-label\" id=\"5a763f4e\">Email<\/div><input type=\"email\" class=\"uagb-forms-email-input uagb-forms-input\" placeholder=\"example@mail.com\" name=\"5a763f4e\" autocomplete=\"email\"><\/div>\n\n\n\n<div class=\"wp-block-uagb-forms-textarea uagb-forms-textarea-wrap uagb-forms-field-set uagb-block-52d48648\"><div class=\"uagb-forms-textarea-label required uagb-forms-input-label\" id=\"52d48648\">Mensaje<\/div><textarea required=\"\" class=\"uagb-forms-textarea-input uagb-forms-input\" rows=\"4\" placeholder=\"Cu\u00e9ntanos m\u00e1s sobre c\u00f3mo podemos ayudarte\" name=\"52d48648\" autocomplete=\"off\"><\/textarea><\/div>\n\n\n\n<div class=\"wp-block-uagb-forms-accept uagb-forms-accept-wrap uagb-forms-field-set uagb-block-9d758f51\"><div class=\"uagb-forms-accept-privacy-link\"><a href=\"https:\/\/estudiroma.com\/es\/aviso-legal\/\" target=\"_blank\" rel=\"noopener noreferrer\">Aviso legal<\/a><\/div><input type=\"checkbox\" name=\"9d758f51\" required=\"\" value=\"Agree\" class=\"uagb-forms-checkbox\" id=\"uagb-forms-accept-9d758f51\"><label name=\"9d758f51\" for=\"uagb-forms-accept-9d758f51\" class=\"uagb-forms-accept-label required\" id=\"9d758f51\">He le\u00eddo y acepto el aviso legal.<\/label><br><\/div>\n<div class=\"uagb-forms-form-hidden-data\"><input type=\"hidden\" id=\"g-recaptcha-response\" class=\"uagb-forms-recaptcha\"\/><input type=\"hidden\" class=\"uagb_forms_form_label\" value=\"Spectra Form\"\/><input type=\"hidden\" class=\"uagb_forms_form_id\" value=\"uagb-form-79af20fa\"\/><\/div><div class=\"uagb-form-reacaptcha-error-79af20fa\"><\/div><div class=\"uagb-forms-main-submit-button-wrap wp-block-button\"><button class=\"uagb-forms-main-submit-button wp-block-button__link\"><div class=\"uagb-forms-main-submit-button-text\">Env\u00edanos un correo<\/div><\/button><\/div><\/form><div class=\"uagb-forms-success-message-79af20fa uagb-forms-submit-message-hide\"><span>El formulari s&#8217;ha enviat.<\/span><\/div><div class=\"uagb-forms-failed-message-79af20fa uagb-forms-submit-message-hide\"><span>Error al enviar el formulari.<\/span><\/div><\/div>\n\n<div style=\"height:100px\" aria-hidden=\"true\" class=\"wp-block-spacer\"><\/div>\n","protected":false},"excerpt":{"rendered":"<p>Todos los caminosllevan a ROMA ContactoPlaza Sant Joan, 1225280 Solsona+34 637 70 36 19info@estudiroma.com<\/p>\n","protected":false},"author":1,"featured_media":0,"parent":0,"menu_order":4,"comment_status":"closed","ping_status":"closed","template":"","meta":{"_uag_custom_page_level_css":"","site-sidebar-layout":"default","site-content-layout":"","ast-site-content-layout":"default","site-content-style":"default","site-sidebar-style":"default","ast-global-header-display":"","ast-banner-title-visibility":"","ast-main-header-display":"","ast-hfb-above-header-display":"","ast-hfb-below-header-display":"","ast-hfb-mobile-header-display":"","site-post-title":"","ast-breadcrumbs-content":"","ast-featured-img":"","footer-sml-layout":"","theme-transparent-header-meta":"","adv-header-id-meta":"","stick-header-meta":"","header-above-stick-meta":"","header-main-stick-meta":"","header-below-stick-meta":"","astra-migrate-meta-layouts":"default","ast-page-background-enabled":"default","ast-page-background-meta":{"desktop":{"background-color":"var(--ast-global-color-5)","background-image":"","background-repeat":"repeat","background-position":"center center","background-size":"auto","background-attachment":"scroll","background-type":"","background-media":"","overlay-type":"","overlay-color":"","overlay-opacity":"","overlay-gradient":""},"tablet":{"background-color":"","background-image":"","background-repeat":"repeat","background-position":"center center","background-size":"auto","background-attachment":"scroll","background-type":"","background-media":"","overlay-type":"","overlay-color":"","overlay-opacity":"","overlay-gradient":""},"mobile":{"background-color":"","background-image":"","background-repeat":"repeat","background-position":"center center","background-size":"auto","background-attachment":"scroll","background-type":"","background-media":"","overlay-type":"","overlay-color":"","overlay-opacity":"","overlay-gradient":""}},"ast-content-background-meta":{"desktop":{"background-color":"var(--ast-global-color-4)","background-image":"","background-repeat":"repeat","background-position":"center center","background-size":"auto","background-attachment":"scroll","background-type":"","background-media":"","overlay-type":"","overlay-color":"","overlay-opacity":"","overlay-gradient":""},"tablet":{"background-color":"var(--ast-global-color-4)","background-image":"","background-repeat":"repeat","background-position":"center center","background-size":"auto","background-attachment":"scroll","background-type":"","background-media":"","overlay-type":"","overlay-color":"","overlay-opacity":"","overlay-gradient":""},"mobile":{"background-color":"var(--ast-global-color-4)","background-image":"","background-repeat":"repeat","background-position":"center center","background-size":"auto","background-attachment":"scroll","background-type":"","background-media":"","overlay-type":"","overlay-color":"","overlay-opacity":"","overlay-gradient":""}},"footnotes":""},"class_list":["post-370","page","type-page","status-publish","hentry"],"yoast_head":"<!-- This site is optimized with the Yoast SEO plugin v25.7 - https:\/\/yoast.com\/wordpress\/plugins\/seo\/ -->\n<title>Contacto - Estudi ROMA<\/title>\n<meta name=\"robots\" content=\"index, follow, max-snippet:-1, max-image-preview:large, max-video-preview:-1\" \/>\n<link rel=\"canonical\" href=\"https:\/\/estudiroma.com\/es\/contacto\/\" \/>\n<meta property=\"og:locale\" content=\"es_ES\" \/>\n<meta property=\"og:type\" content=\"article\" \/>\n<meta property=\"og:title\" content=\"Contacto - Estudi ROMA\" \/>\n<meta property=\"og:description\" content=\"Todos los caminosllevan a ROMA ContactoPlaza Sant Joan, 1225280 Solsona+34 637 70 36 19info@estudiroma.com\" \/>\n<meta property=\"og:url\" content=\"https:\/\/estudiroma.com\/es\/contacto\/\" \/>\n<meta property=\"og:site_name\" content=\"Estudi ROMA\" \/>\n<meta property=\"article:modified_time\" content=\"2025-09-19T10:16:33+00:00\" \/>\n<meta property=\"og:image\" content=\"https:\/\/estudiroma.com\/wp-content\/uploads\/2025\/08\/jc1179-4777-pano-resized-1-1-1-1.jpg\" \/>\n<meta name=\"twitter:card\" content=\"summary_large_image\" \/>\n<script type=\"application\/ld+json\" class=\"yoast-schema-graph\">{\"@context\":\"https:\/\/schema.org\",\"@graph\":[{\"@type\":\"WebPage\",\"@id\":\"https:\/\/estudiroma.com\/es\/contacto\/\",\"url\":\"https:\/\/estudiroma.com\/es\/contacto\/\",\"name\":\"Contacto - Estudi ROMA\",\"isPartOf\":{\"@id\":\"https:\/\/estudiroma.com\/es\/#website\"},\"primaryImageOfPage\":{\"@id\":\"https:\/\/estudiroma.com\/es\/contacto\/#primaryimage\"},\"image\":{\"@id\":\"https:\/\/estudiroma.com\/es\/contacto\/#primaryimage\"},\"thumbnailUrl\":\"https:\/\/estudiroma.com\/wp-content\/uploads\/2025\/08\/jc1179-4777-pano-resized-1-1-1-1.jpg\",\"datePublished\":\"2025-08-12T09:39:58+00:00\",\"dateModified\":\"2025-09-19T10:16:33+00:00\",\"breadcrumb\":{\"@id\":\"https:\/\/estudiroma.com\/es\/contacto\/#breadcrumb\"},\"inLanguage\":\"es\",\"potentialAction\":[{\"@type\":\"ReadAction\",\"target\":[\"https:\/\/estudiroma.com\/es\/contacto\/\"]}]},{\"@type\":\"ImageObject\",\"inLanguage\":\"es\",\"@id\":\"https:\/\/estudiroma.com\/es\/contacto\/#primaryimage\",\"url\":\"https:\/\/estudiroma.com\/wp-content\/uploads\/2025\/08\/jc1179-4777-pano-resized-1-1-1-1.jpg\",\"contentUrl\":\"https:\/\/estudiroma.com\/wp-content\/uploads\/2025\/08\/jc1179-4777-pano-resized-1-1-1-1.jpg\"},{\"@type\":\"BreadcrumbList\",\"@id\":\"https:\/\/estudiroma.com\/es\/contacto\/#breadcrumb\",\"itemListElement\":[{\"@type\":\"ListItem\",\"position\":1,\"name\":\"Inici\",\"item\":\"https:\/\/estudiroma.com\/es\/\"},{\"@type\":\"ListItem\",\"position\":2,\"name\":\"Contacto\"}]},{\"@type\":\"WebSite\",\"@id\":\"https:\/\/estudiroma.com\/es\/#website\",\"url\":\"https:\/\/estudiroma.com\/es\/\",\"name\":\"Estudi ROMA\",\"description\":\"Dissenyem, constru\u00efm i rehabilitem espais amb personalitat \",\"publisher\":{\"@id\":\"https:\/\/estudiroma.com\/es\/#organization\"},\"potentialAction\":[{\"@type\":\"SearchAction\",\"target\":{\"@type\":\"EntryPoint\",\"urlTemplate\":\"https:\/\/estudiroma.com\/es\/?s={search_term_string}\"},\"query-input\":{\"@type\":\"PropertyValueSpecification\",\"valueRequired\":true,\"valueName\":\"search_term_string\"}}],\"inLanguage\":\"es\"},{\"@type\":\"Organization\",\"@id\":\"https:\/\/estudiroma.com\/es\/#organization\",\"name\":\"Estudi ROMA\",\"url\":\"https:\/\/estudiroma.com\/es\/\",\"logo\":{\"@type\":\"ImageObject\",\"inLanguage\":\"es\",\"@id\":\"https:\/\/estudiroma.com\/es\/#\/schema\/logo\/image\/\",\"url\":\"https:\/\/estudiroma.com\/wp-content\/uploads\/2025\/08\/roma.png\",\"contentUrl\":\"https:\/\/estudiroma.com\/wp-content\/uploads\/2025\/08\/roma.png\",\"width\":150,\"height\":141,\"caption\":\"Estudi ROMA\"},\"image\":{\"@id\":\"https:\/\/estudiroma.com\/es\/#\/schema\/logo\/image\/\"}}]}<\/script>\n<!-- \/ Yoast SEO plugin. -->","yoast_head_json":{"title":"Contacto - Estudi ROMA","robots":{"index":"index","follow":"follow","max-snippet":"max-snippet:-1","max-image-preview":"max-image-preview:large","max-video-preview":"max-video-preview:-1"},"canonical":"https:\/\/estudiroma.com\/es\/contacto\/","og_locale":"es_ES","og_type":"article","og_title":"Contacto - Estudi ROMA","og_description":"Todos los caminosllevan a ROMA ContactoPlaza Sant Joan, 1225280 Solsona+34 637 70 36 19info@estudiroma.com","og_url":"https:\/\/estudiroma.com\/es\/contacto\/","og_site_name":"Estudi ROMA","article_modified_time":"2025-09-19T10:16:33+00:00","og_image":[{"url":"https:\/\/estudiroma.com\/wp-content\/uploads\/2025\/08\/jc1179-4777-pano-resized-1-1-1-1.jpg","type":"","width":"","height":""}],"twitter_card":"summary_large_image","schema":{"@context":"https:\/\/schema.org","@graph":[{"@type":"WebPage","@id":"https:\/\/estudiroma.com\/es\/contacto\/","url":"https:\/\/estudiroma.com\/es\/contacto\/","name":"Contacto - Estudi ROMA","isPartOf":{"@id":"https:\/\/estudiroma.com\/es\/#website"},"primaryImageOfPage":{"@id":"https:\/\/estudiroma.com\/es\/contacto\/#primaryimage"},"image":{"@id":"https:\/\/estudiroma.com\/es\/contacto\/#primaryimage"},"thumbnailUrl":"https:\/\/estudiroma.com\/wp-content\/uploads\/2025\/08\/jc1179-4777-pano-resized-1-1-1-1.jpg","datePublished":"2025-08-12T09:39:58+00:00","dateModified":"2025-09-19T10:16:33+00:00","breadcrumb":{"@id":"https:\/\/estudiroma.com\/es\/contacto\/#breadcrumb"},"inLanguage":"es","potentialAction":[{"@type":"ReadAction","target":["https:\/\/estudiroma.com\/es\/contacto\/"]}]},{"@type":"ImageObject","inLanguage":"es","@id":"https:\/\/estudiroma.com\/es\/contacto\/#primaryimage","url":"https:\/\/estudiroma.com\/wp-content\/uploads\/2025\/08\/jc1179-4777-pano-resized-1-1-1-1.jpg","contentUrl":"https:\/\/estudiroma.com\/wp-content\/uploads\/2025\/08\/jc1179-4777-pano-resized-1-1-1-1.jpg"},{"@type":"BreadcrumbList","@id":"https:\/\/estudiroma.com\/es\/contacto\/#breadcrumb","itemListElement":[{"@type":"ListItem","position":1,"name":"Inici","item":"https:\/\/estudiroma.com\/es\/"},{"@type":"ListItem","position":2,"name":"Contacto"}]},{"@type":"WebSite","@id":"https:\/\/estudiroma.com\/es\/#website","url":"https:\/\/estudiroma.com\/es\/","name":"Estudi ROMA","description":"Dissenyem, constru\u00efm i rehabilitem espais amb personalitat ","publisher":{"@id":"https:\/\/estudiroma.com\/es\/#organization"},"potentialAction":[{"@type":"SearchAction","target":{"@type":"EntryPoint","urlTemplate":"https:\/\/estudiroma.com\/es\/?s={search_term_string}"},"query-input":{"@type":"PropertyValueSpecification","valueRequired":true,"valueName":"search_term_string"}}],"inLanguage":"es"},{"@type":"Organization","@id":"https:\/\/estudiroma.com\/es\/#organization","name":"Estudi ROMA","url":"https:\/\/estudiroma.com\/es\/","logo":{"@type":"ImageObject","inLanguage":"es","@id":"https:\/\/estudiroma.com\/es\/#\/schema\/logo\/image\/","url":"https:\/\/estudiroma.com\/wp-content\/uploads\/2025\/08\/roma.png","contentUrl":"https:\/\/estudiroma.com\/wp-content\/uploads\/2025\/08\/roma.png","width":150,"height":141,"caption":"Estudi ROMA"},"image":{"@id":"https:\/\/estudiroma.com\/es\/#\/schema\/logo\/image\/"}}]}},"uagb_featured_image_src":{"full":false,"thumbnail":false,"medium":false,"medium_large":false,"large":false,"1536x1536":false,"2048x2048":false},"uagb_author_info":{"display_name":"estudiroma","author_link":"https:\/\/estudiroma.com\/es\/author\/estudiroma\/"},"uagb_comment_info":0,"uagb_excerpt":"Todos los caminosllevan a ROMA ContactoPlaza Sant Joan, 1225280 Solsona+34 637 70 36 19info@estudiroma.com","_links":{"self":[{"href":"https:\/\/estudiroma.com\/es\/wp-json\/wp\/v2\/pages\/370","targetHints":{"allow":["GET"]}}],"collection":[{"href":"https:\/\/estudiroma.com\/es\/wp-json\/wp\/v2\/pages"}],"about":[{"href":"https:\/\/estudiroma.com\/es\/wp-json\/wp\/v2\/types\/page"}],"author":[{"embeddable":true,"href":"https:\/\/estudiroma.com\/es\/wp-json\/wp\/v2\/users\/1"}],"replies":[{"embeddable":true,"href":"https:\/\/estudiroma.com\/es\/wp-json\/wp\/v2\/comments?post=370"}],"version-history":[{"count":7,"href":"https:\/\/estudiroma.com\/es\/wp-json\/wp\/v2\/pages\/370\/revisions"}],"predecessor-version":[{"id":501,"href":"https:\/\/estudiroma.com\/es\/wp-json\/wp\/v2\/pages\/370\/revisions\/501"}],"wp:attachment":[{"href":"https:\/\/estudiroma.com\/es\/wp-json\/wp\/v2\/media?parent=370"}],"curies":[{"name":"wp","href":"https:\/\/api.w.org\/{rel}","templated":true}]}}