{"id":368,"date":"2025-08-12T09:39:42","date_gmt":"2025-08-12T09:39:42","guid":{"rendered":"https:\/\/estudiroma.com\/nosotros\/"},"modified":"2025-08-21T07:51:07","modified_gmt":"2025-08-21T07:51:07","slug":"nosotros","status":"publish","type":"page","link":"https:\/\/estudiroma.com\/es\/nosotros\/","title":{"rendered":"Nosotros"},"content":{"rendered":"\n<div class=\"wp-block-uagb-container main-section uagb-block-73cdbaac alignfull uagb-is-root-container\">\n<div class=\"wp-block-uagb-image uagb-block-ac8dad6c wp-block-uagb-image--layout-default wp-block-uagb-image--effect-static wp-block-uagb-image--align-none main-section\"><figure class=\"wp-block-uagb-image__figure\"><img decoding=\"async\" srcset=\"https:\/\/estudiroma.com\/wp-content\/uploads\/2025\/08\/jc1179-4777-pano-resized-1-1-3.jpg ,http:\/\/estudiroma.com\/wp-content\/uploads\/2025\/08\/jc1179-4777-pano-resized-1-1-3.jpg 780w, http:\/\/estudiroma.com\/wp-content\/uploads\/2025\/08\/jc1179-4777-pano-resized-1-1-3.jpg 360w\" sizes=\"auto, (max-width: 480px) 150px\" src=\"https:\/\/estudiroma.com\/wp-content\/uploads\/2025\/08\/jc1179-4777-pano-resized-1-1-3.jpg\" alt=\"\" class=\"uag-image-256\" width=\"2200\" height=\"1170\" title=\"JC1179-4777-Pano_resized (1) 1\" loading=\"lazy\" role=\"img\"><\/figure><\/div>\n<\/div>\n\n<div data-aos= \"fade-right\" data-aos-duration=\"400\" data-aos-delay=\"0\" data-aos-easing=\"ease\" data-aos-once=\"true\" class=\"wp-block-uagb-container uagb-block-841b9e12 alignfull uagb-is-root-container\"><div class=\"uagb-container-inner-blocks-wrap\">\n<div class=\"wp-block-uagb-container uagb-block-afaa5b44\">\n<h3 class=\"wp-block-heading max-w-900\" style=\"margin-top:0;margin-right:0;margin-bottom:0;margin-left:0;padding-top:0;padding-right:0;padding-bottom:0;padding-left:0\">Desde <strong>Estudi ROMA<\/strong> defendemos que el futuro pasa por rehabilitar antes que construir de nuevo: recuperar edificios y pisos vac\u00edos en el casco antiguo de Solsona, darles una segunda oportunidad y transformarlos en viviendas de calidad para las personas.<br\/><br\/>Creemos que la sostenibilidad no solo es una cuesti\u00f3n de materiales y eficiencia energ\u00e9tica, sino tambi\u00e9n de respetar y aprovechar el patrimonio que ya tenemos. Tanto en el casco antiguo como en el ensanche y alrededores de Solsona hay muchos inmuebles cerrados o en desuso que pueden convertirse en una soluci\u00f3n para la vivienda y en una oportunidad para reactivar la ciudad. <br\/><br\/><strong>Estudi ROMA pone en el centro a las personas<\/strong>: por \u201cun lado, aquellos propietarios que tienen patrimonio estancado o en mal estado y no disponen de medios para rehabilitarlo; por el\u201d otro, las familias y personas que buscan una vivienda digna, ya sea en compra o en alquiler. A trav\u00e9s de nuestra red, establecemos conexiones y acuerdos que permiten rehabilitar y devolver al mercado estos edificios. Trabajamos con f\u00f3rmulas flexibles \u2014como permutas y otros tipos de colaboraciones\u2014 que convierten espacios vac\u00edos y degradados en viviendas con futuro.  <br\/><br\/>De momento, impulsamos este modelo desde la iniciativa privada, pero con la voluntad de que el \u201cAyuntamiento y las instituciones lo\u201d asuman y formen parte activa. Porque rehabilitar no es solo conservar el patrimonio, sino tambi\u00e9n <strong>dar vida a la ciudad, hacerla m\u00e1s habitable y consciente.<\/strong> <\/h3>\n<\/div>\n\n\n\n<div class=\"wp-block-uagb-container uagb-block-2046b91f\"><\/div>\n<\/div><\/div>\n\n<div class=\"wp-block-uagb-container uagb-block-f945b0d7 alignfull uagb-is-root-container\"><div class=\"uagb-container-inner-blocks-wrap\">\n<div data-aos= \"fade-right\" data-aos-duration=\"400\" data-aos-delay=\"0\" data-aos-easing=\"ease\" data-aos-once=\"true\" class=\"wp-block-uagb-container uagb-block-64958559\">\n<div class=\"wp-block-uagb-image uagb-block-3284e090 wp-block-uagb-image--layout-default wp-block-uagb-image--effect-static wp-block-uagb-image--align-none\"><figure class=\"wp-block-uagb-image__figure\"><img decoding=\"async\" srcset=\"https:\/\/estudiroma.com\/wp-content\/uploads\/2025\/08\/jc1179-4777-pano-resized-1-4-1.jpg ,https:\/\/estudiroma.com\/wp-content\/uploads\/2025\/08\/jc1179-4777-pano-resized-1-4-1.jpg 780w, https:\/\/estudiroma.com\/wp-content\/uploads\/2025\/08\/jc1179-4777-pano-resized-1-4-1.jpg 360w\" sizes=\"auto, (max-width: 480px) 150px\" src=\"https:\/\/estudiroma.com\/wp-content\/uploads\/2025\/08\/jc1179-4777-pano-resized-1-4-1.jpg\" alt=\"\" class=\"uag-image-179\" width=\"2000\" height=\"1135\" title=\"JC1179-4777-Pano_resized (1) 4 (1)\" loading=\"lazy\" role=\"img\"><\/figure><\/div>\n<\/div>\n\n\n\n<div data-aos= \"fade-left\" data-aos-duration=\"400\" data-aos-delay=\"0\" data-aos-easing=\"ease\" data-aos-once=\"true\" class=\"wp-block-uagb-container uagb-block-b57c150a\">\n<p style=\"margin-top:0;margin-right:0;margin-bottom:0;margin-left:0;padding-top:0;padding-right:0;padding-bottom:0;padding-left:0\">MANEL PELEGRINA JORDAN<\/p>\n\n\n\n<p style=\"margin-top:0;margin-bottom:0;padding-top:0;padding-right:0;padding-bottom:0;padding-left:0;line-height:1.3\">Manel es arquitecto por la Escuela T\u00e9cnica Superior de Arquitectura de Barcelona (ETSAB\u2013UPC), donde obtuvo Matr\u00edcula de Honor en el Proyecto final de carrera, y cofundador de Estudi ROMA. Es socio de CMT Arquitectes en Barcelona, donde <strong>firma y desarrolla proyectos<\/strong> de gran escala como residencias de estudiantes, centros para personas mayores, hoteles y viviendas unifamiliares en la Costa Brava, el Maresme y Castelldefels.<br\/>En ROMA <strong>firma y lidera el dise\u00f1o de los proyectos<\/strong> y la estrategia de crecimiento del estudio. Su obra entiende la arquitectura como un equilibrio entre espacio, uso y entorno, con una mirada rigurosa y atenta al detalle. Si un d\u00eda nieva, dif\u00edcilmente lo encontrar\u00e9is en el estudio.   <\/p>\n<\/div>\n<\/div><\/div>\n\n<div class=\"wp-block-uagb-container uagb-block-6d1a0090 alignfull uagb-is-root-container\"><div class=\"uagb-container-inner-blocks-wrap\">\n<div data-aos= \"fade-right\" data-aos-duration=\"400\" data-aos-delay=\"0\" data-aos-easing=\"ease\" data-aos-once=\"true\" class=\"wp-block-uagb-container uagb-block-4da71e57\">\n<p style=\"margin-top:0;margin-right:0;margin-bottom:0;margin-left:0;padding-top:0;padding-right:0;padding-bottom:0;padding-left:0\">ROBERT TRIPIANA CUS\u00cd<\/p>\n\n\n\n<p style=\"margin-top:0;margin-bottom:0;padding-top:0;padding-right:0;padding-bottom:0;padding-left:0;line-height:1.3\">Robert es arquitecto t\u00e9cnico por la Escuela Polit\u00e9cnica Superior de Edificaci\u00f3n de Barcelona (EPSEB\u2013UPC) y cofundador de Estudi ROMA. Compagina ROMA con la implantaci\u00f3n de la ISO en una importante constructora de Barcelona y tambi\u00e9n imparte clases en la universidad de arquitectos t\u00e9cnicos e ingenieros de la edificaci\u00f3n (EPSEB\u2013UPC).  <br\/>En ROMA es el encargado de unir el dise\u00f1o con la ejecuci\u00f3n, asegurar los procesos, la gesti\u00f3n de la obra y la coordinaci\u00f3n t\u00e9cnica de los diferentes industriales. Aporta una visi\u00f3n pr\u00e1ctica y resolutiva, con capacidad para anticiparse a problemas y encontrar soluciones constructivas ajustadas a cada necesidad. Un d\u00eda de partido es sagrado&#8230; y no estar\u00e1 ni esquiando ni en el estudio. Buscadlo en el bar.   <\/p>\n<\/div>\n\n\n\n<div data-aos= \"fade-left\" data-aos-duration=\"400\" data-aos-delay=\"0\" data-aos-easing=\"ease\" data-aos-once=\"true\" class=\"wp-block-uagb-container uagb-block-a3bb26b5\">\n<div class=\"wp-block-uagb-image uagb-block-135c50a1 wp-block-uagb-image--layout-default wp-block-uagb-image--effect-static wp-block-uagb-image--align-none\"><figure class=\"wp-block-uagb-image__figure\"><img decoding=\"async\" srcset=\"https:\/\/estudiroma.com\/wp-content\/uploads\/2025\/08\/jc1179-4777-pano-resized-1-5-1-1024x581.jpg ,https:\/\/estudiroma.com\/wp-content\/uploads\/2025\/08\/jc1179-4777-pano-resized-1-5-1.jpg 780w, https:\/\/estudiroma.com\/wp-content\/uploads\/2025\/08\/jc1179-4777-pano-resized-1-5-1.jpg 360w\" sizes=\"auto, (max-width: 480px) 150px\" src=\"https:\/\/estudiroma.com\/wp-content\/uploads\/2025\/08\/jc1179-4777-pano-resized-1-5-1-1024x581.jpg\" alt=\"\" class=\"uag-image-180\" width=\"1024\" height=\"581\" title=\"JC1179-4777-Pano_resized (1) 5 (1)\" loading=\"lazy\" role=\"img\"><\/figure><\/div>\n<\/div>\n<\/div><\/div>\n\n<div data-aos= \"fade-right\" data-aos-duration=\"400\" data-aos-delay=\"0\" data-aos-easing=\"ease\" data-aos-once=\"true\" class=\"wp-block-uagb-container uagb-block-c8d5c8c1 alignfull uagb-is-root-container\"><div class=\"uagb-container-inner-blocks-wrap\">\n<div class=\"wp-block-uagb-container about-h2 uagb-block-afd160c9\">\n<h2 class=\"wp-block-heading has-x-large-font-size\">Nos especializamos en tres l\u00edneas de trabajo que definen nuestra manera de \u201centender la\u201d arquitectura:<\/h2>\n\n\n\n<div class=\"wp-block-uagb-image uagb-block-8a4c8a9a wp-block-uagb-image--layout-default wp-block-uagb-image--effect-static wp-block-uagb-image--align-none\"><figure class=\"wp-block-uagb-image__figure\"><img decoding=\"async\" srcset=\"https:\/\/estudiroma.com\/wp-content\/uploads\/2025\/08\/jc1179-4777-pano-resized-1-6.jpg ,http:\/\/estudiroma.com\/wp-content\/uploads\/2025\/08\/jc1179-4777-pano-resized-1-6.jpg 780w, http:\/\/estudiroma.com\/wp-content\/uploads\/2025\/08\/jc1179-4777-pano-resized-1-6.jpg 360w\" sizes=\"auto, (max-width: 480px) 150px\" src=\"https:\/\/estudiroma.com\/wp-content\/uploads\/2025\/08\/jc1179-4777-pano-resized-1-6.jpg\" alt=\"\" class=\"uag-image-259\" width=\"1000\" height=\"1391\" title=\"JC1179-4777-Pano_resized (1) 6\" loading=\"lazy\" role=\"img\"><\/figure><\/div>\n\n\n\n<h2 class=\"wp-block-heading has-x-large-font-size\">Ayudaros,<br\/>Dar valor al patrimonio,<br\/>Hacer crecer la ciudad de manera responsable.<\/h2>\n<\/div>\n\n\n\n<div class=\"wp-block-uagb-container uagb-block-3f576243\">\n<p style=\"font-size:22px\"><strong>CASAS UNIFAMILIARES DE OBRA NUEVA<\/strong><br\/><br\/>Acompa\u00f1amos a los clientes en todo el proceso: desde la b\u00fasqueda del solar hasta vivir en \u00e9l. Estudiamos la \u201corientaci\u00f3n, las vistas e incluso las corrientes de\u201d agua subterr\u00e1neas para encontrar el mejor lugar donde construir. Dise\u00f1amos y ejecutamos la casa a medida de acuerdo a su forma de vivir, convirtiendo los sue\u00f1os de los clientes en realidad y haciendo que cada fase del proyecto sea una experiencia ilusionante.<br\/> <br\/><strong>REHABILITACIONES DE EDIFICIOS, PISOS, CASAS Y MAS\u00cdAS<\/strong><br\/><br\/>Creemos y apostamos por dar una segunda vida a lo que ya existe. Rehabilitamos todo tipo de construcciones poniendo en valor su historia y sus materiales, a la vez que las adaptamos a las necesidades actuales. Asesoramos t\u00e9cnica y econ\u00f3micamente para que cada decisi\u00f3n sea la m\u00e1s acertada. El resultado: espacios que respetan el \u201corigen pero responden plenamente a las necesidades de\u201d hoy en d\u00eda.<br\/> <br\/><strong>PROMOCI\u00d3N y GESTI\u00d3N INMOBILIARIA<\/strong><br\/><br\/>Transformamos patrimonio estancado en oportunidad. Conectamos propietarios con personas que quieren comprar, alquilar o invertir, gestionando todo el proceso de principio a fin. Buscamos soluciones donde otros solo ven problemas.<br\/><br\/>Un ejemplo que estamos desarrollando actualmente es Cal Canal, un edificio hist\u00f3rico del casco antiguo de Solsona, Bien Cultural de \u201cInter\u00e9s Local (BCIL) que estaba cerrado: a trav\u00e9s de nuestra gesti\u00f3n t\u00e9cnica y financiera, lo\u201d estamos convirtiendo en 3 viviendas reformadas y preparadas para vivir en ellas.<\/p>\n<\/div>\n<\/div><\/div>\n","protected":false},"excerpt":{"rendered":"<p>Desde Estudi ROMA defendemos que el futuro pasa por rehabilitar antes que construir de nuevo: recuperar edificios y pisos vac\u00edos [&hellip;]<\/p>\n","protected":false},"author":1,"featured_media":0,"parent":0,"menu_order":3,"comment_status":"closed","ping_status":"closed","template":"","meta":{"_uag_custom_page_level_css":"","site-sidebar-layout":"default","site-content-layout":"","ast-site-content-layout":"default","site-content-style":"default","site-sidebar-style":"default","ast-global-header-display":"","ast-banner-title-visibility":"","ast-main-header-display":"","ast-hfb-above-header-display":"","ast-hfb-below-header-display":"","ast-hfb-mobile-header-display":"","site-post-title":"","ast-breadcrumbs-content":"","ast-featured-img":"","footer-sml-layout":"","theme-transparent-header-meta":"","adv-header-id-meta":"","stick-header-meta":"","header-above-stick-meta":"","header-main-stick-meta":"","header-below-stick-meta":"","astra-migrate-meta-layouts":"default","ast-page-background-enabled":"default","ast-page-background-meta":{"desktop":{"background-color":"var(--ast-global-color-5)","background-image":"","background-repeat":"repeat","background-position":"center center","background-size":"auto","background-attachment":"scroll","background-type":"","background-media":"","overlay-type":"","overlay-color":"","overlay-opacity":"","overlay-gradient":""},"tablet":{"background-color":"","background-image":"","background-repeat":"repeat","background-position":"center center","background-size":"auto","background-attachment":"scroll","background-type":"","background-media":"","overlay-type":"","overlay-color":"","overlay-opacity":"","overlay-gradient":""},"mobile":{"background-color":"","background-image":"","background-repeat":"repeat","background-position":"center center","background-size":"auto","background-attachment":"scroll","background-type":"","background-media":"","overlay-type":"","overlay-color":"","overlay-opacity":"","overlay-gradient":""}},"ast-content-background-meta":{"desktop":{"background-color":"var(--ast-global-color-4)","background-image":"","background-repeat":"repeat","background-position":"center center","background-size":"auto","background-attachment":"scroll","background-type":"","background-media":"","overlay-type":"","overlay-color":"","overlay-opacity":"","overlay-gradient":""},"tablet":{"background-color":"var(--ast-global-color-4)","background-image":"","background-repeat":"repeat","background-position":"center center","background-size":"auto","background-attachment":"scroll","background-type":"","background-media":"","overlay-type":"","overlay-color":"","overlay-opacity":"","overlay-gradient":""},"mobile":{"background-color":"var(--ast-global-color-4)","background-image":"","background-repeat":"repeat","background-position":"center center","background-size":"auto","background-attachment":"scroll","background-type":"","background-media":"","overlay-type":"","overlay-color":"","overlay-opacity":"","overlay-gradient":""}},"footnotes":""},"class_list":["post-368","page","type-page","status-publish","hentry"],"yoast_head":"<!-- This site is optimized with the Yoast SEO plugin v25.7 - https:\/\/yoast.com\/wordpress\/plugins\/seo\/ -->\n<title>Nosotros - Estudi ROMA<\/title>\n<meta name=\"robots\" content=\"index, follow, max-snippet:-1, max-image-preview:large, max-video-preview:-1\" \/>\n<link rel=\"canonical\" href=\"https:\/\/estudiroma.com\/es\/nosotros\/\" \/>\n<meta property=\"og:locale\" content=\"es_ES\" \/>\n<meta property=\"og:type\" content=\"article\" \/>\n<meta property=\"og:title\" content=\"Nosotros - Estudi ROMA\" \/>\n<meta property=\"og:description\" content=\"Desde Estudi ROMA defendemos que el futuro pasa por rehabilitar antes que construir de nuevo: recuperar edificios y pisos vac\u00edos [&hellip;]\" \/>\n<meta property=\"og:url\" content=\"https:\/\/estudiroma.com\/es\/nosotros\/\" \/>\n<meta property=\"og:site_name\" content=\"Estudi ROMA\" \/>\n<meta property=\"article:modified_time\" content=\"2025-08-21T07:51:07+00:00\" \/>\n<meta property=\"og:image\" content=\"https:\/\/estudiroma.com\/wp-content\/uploads\/2025\/08\/jc1179-4777-pano-resized-1-1-3.jpg\" \/>\n<meta name=\"twitter:card\" content=\"summary_large_image\" \/>\n<meta name=\"twitter:label1\" content=\"Tiempo de lectura\" \/>\n\t<meta name=\"twitter:data1\" content=\"4 minutos\" \/>\n<script type=\"application\/ld+json\" class=\"yoast-schema-graph\">{\"@context\":\"https:\/\/schema.org\",\"@graph\":[{\"@type\":\"WebPage\",\"@id\":\"https:\/\/estudiroma.com\/es\/nosotros\/\",\"url\":\"https:\/\/estudiroma.com\/es\/nosotros\/\",\"name\":\"Nosotros - Estudi ROMA\",\"isPartOf\":{\"@id\":\"https:\/\/estudiroma.com\/es\/#website\"},\"primaryImageOfPage\":{\"@id\":\"https:\/\/estudiroma.com\/es\/nosotros\/#primaryimage\"},\"image\":{\"@id\":\"https:\/\/estudiroma.com\/es\/nosotros\/#primaryimage\"},\"thumbnailUrl\":\"https:\/\/estudiroma.com\/wp-content\/uploads\/2025\/08\/jc1179-4777-pano-resized-1-1-3.jpg\",\"datePublished\":\"2025-08-12T09:39:42+00:00\",\"dateModified\":\"2025-08-21T07:51:07+00:00\",\"breadcrumb\":{\"@id\":\"https:\/\/estudiroma.com\/es\/nosotros\/#breadcrumb\"},\"inLanguage\":\"es\",\"potentialAction\":[{\"@type\":\"ReadAction\",\"target\":[\"https:\/\/estudiroma.com\/es\/nosotros\/\"]}]},{\"@type\":\"ImageObject\",\"inLanguage\":\"es\",\"@id\":\"https:\/\/estudiroma.com\/es\/nosotros\/#primaryimage\",\"url\":\"https:\/\/estudiroma.com\/wp-content\/uploads\/2025\/08\/jc1179-4777-pano-resized-1-1-3.jpg\",\"contentUrl\":\"https:\/\/estudiroma.com\/wp-content\/uploads\/2025\/08\/jc1179-4777-pano-resized-1-1-3.jpg\"},{\"@type\":\"BreadcrumbList\",\"@id\":\"https:\/\/estudiroma.com\/es\/nosotros\/#breadcrumb\",\"itemListElement\":[{\"@type\":\"ListItem\",\"position\":1,\"name\":\"Inici\",\"item\":\"https:\/\/estudiroma.com\/es\/\"},{\"@type\":\"ListItem\",\"position\":2,\"name\":\"Nosotros\"}]},{\"@type\":\"WebSite\",\"@id\":\"https:\/\/estudiroma.com\/es\/#website\",\"url\":\"https:\/\/estudiroma.com\/es\/\",\"name\":\"Estudi ROMA\",\"description\":\"Dissenyem, constru\u00efm i rehabilitem espais amb personalitat \",\"publisher\":{\"@id\":\"https:\/\/estudiroma.com\/es\/#organization\"},\"potentialAction\":[{\"@type\":\"SearchAction\",\"target\":{\"@type\":\"EntryPoint\",\"urlTemplate\":\"https:\/\/estudiroma.com\/es\/?s={search_term_string}\"},\"query-input\":{\"@type\":\"PropertyValueSpecification\",\"valueRequired\":true,\"valueName\":\"search_term_string\"}}],\"inLanguage\":\"es\"},{\"@type\":\"Organization\",\"@id\":\"https:\/\/estudiroma.com\/es\/#organization\",\"name\":\"Estudi ROMA\",\"url\":\"https:\/\/estudiroma.com\/es\/\",\"logo\":{\"@type\":\"ImageObject\",\"inLanguage\":\"es\",\"@id\":\"https:\/\/estudiroma.com\/es\/#\/schema\/logo\/image\/\",\"url\":\"https:\/\/estudiroma.com\/wp-content\/uploads\/2025\/08\/roma.png\",\"contentUrl\":\"https:\/\/estudiroma.com\/wp-content\/uploads\/2025\/08\/roma.png\",\"width\":150,\"height\":141,\"caption\":\"Estudi ROMA\"},\"image\":{\"@id\":\"https:\/\/estudiroma.com\/es\/#\/schema\/logo\/image\/\"}}]}<\/script>\n<!-- \/ Yoast SEO plugin. -->","yoast_head_json":{"title":"Nosotros - Estudi ROMA","robots":{"index":"index","follow":"follow","max-snippet":"max-snippet:-1","max-image-preview":"max-image-preview:large","max-video-preview":"max-video-preview:-1"},"canonical":"https:\/\/estudiroma.com\/es\/nosotros\/","og_locale":"es_ES","og_type":"article","og_title":"Nosotros - Estudi ROMA","og_description":"Desde Estudi ROMA defendemos que el futuro pasa por rehabilitar antes que construir de nuevo: recuperar edificios y pisos vac\u00edos [&hellip;]","og_url":"https:\/\/estudiroma.com\/es\/nosotros\/","og_site_name":"Estudi ROMA","article_modified_time":"2025-08-21T07:51:07+00:00","og_image":[{"url":"https:\/\/estudiroma.com\/wp-content\/uploads\/2025\/08\/jc1179-4777-pano-resized-1-1-3.jpg","type":"","width":"","height":""}],"twitter_card":"summary_large_image","twitter_misc":{"Tiempo de lectura":"4 minutos"},"schema":{"@context":"https:\/\/schema.org","@graph":[{"@type":"WebPage","@id":"https:\/\/estudiroma.com\/es\/nosotros\/","url":"https:\/\/estudiroma.com\/es\/nosotros\/","name":"Nosotros - Estudi ROMA","isPartOf":{"@id":"https:\/\/estudiroma.com\/es\/#website"},"primaryImageOfPage":{"@id":"https:\/\/estudiroma.com\/es\/nosotros\/#primaryimage"},"image":{"@id":"https:\/\/estudiroma.com\/es\/nosotros\/#primaryimage"},"thumbnailUrl":"https:\/\/estudiroma.com\/wp-content\/uploads\/2025\/08\/jc1179-4777-pano-resized-1-1-3.jpg","datePublished":"2025-08-12T09:39:42+00:00","dateModified":"2025-08-21T07:51:07+00:00","breadcrumb":{"@id":"https:\/\/estudiroma.com\/es\/nosotros\/#breadcrumb"},"inLanguage":"es","potentialAction":[{"@type":"ReadAction","target":["https:\/\/estudiroma.com\/es\/nosotros\/"]}]},{"@type":"ImageObject","inLanguage":"es","@id":"https:\/\/estudiroma.com\/es\/nosotros\/#primaryimage","url":"https:\/\/estudiroma.com\/wp-content\/uploads\/2025\/08\/jc1179-4777-pano-resized-1-1-3.jpg","contentUrl":"https:\/\/estudiroma.com\/wp-content\/uploads\/2025\/08\/jc1179-4777-pano-resized-1-1-3.jpg"},{"@type":"BreadcrumbList","@id":"https:\/\/estudiroma.com\/es\/nosotros\/#breadcrumb","itemListElement":[{"@type":"ListItem","position":1,"name":"Inici","item":"https:\/\/estudiroma.com\/es\/"},{"@type":"ListItem","position":2,"name":"Nosotros"}]},{"@type":"WebSite","@id":"https:\/\/estudiroma.com\/es\/#website","url":"https:\/\/estudiroma.com\/es\/","name":"Estudi ROMA","description":"Dissenyem, constru\u00efm i rehabilitem espais amb personalitat ","publisher":{"@id":"https:\/\/estudiroma.com\/es\/#organization"},"potentialAction":[{"@type":"SearchAction","target":{"@type":"EntryPoint","urlTemplate":"https:\/\/estudiroma.com\/es\/?s={search_term_string}"},"query-input":{"@type":"PropertyValueSpecification","valueRequired":true,"valueName":"search_term_string"}}],"inLanguage":"es"},{"@type":"Organization","@id":"https:\/\/estudiroma.com\/es\/#organization","name":"Estudi ROMA","url":"https:\/\/estudiroma.com\/es\/","logo":{"@type":"ImageObject","inLanguage":"es","@id":"https:\/\/estudiroma.com\/es\/#\/schema\/logo\/image\/","url":"https:\/\/estudiroma.com\/wp-content\/uploads\/2025\/08\/roma.png","contentUrl":"https:\/\/estudiroma.com\/wp-content\/uploads\/2025\/08\/roma.png","width":150,"height":141,"caption":"Estudi ROMA"},"image":{"@id":"https:\/\/estudiroma.com\/es\/#\/schema\/logo\/image\/"}}]}},"uagb_featured_image_src":{"full":false,"thumbnail":false,"medium":false,"medium_large":false,"large":false,"1536x1536":false,"2048x2048":false},"uagb_author_info":{"display_name":"estudiroma","author_link":"https:\/\/estudiroma.com\/es\/author\/estudiroma\/"},"uagb_comment_info":0,"uagb_excerpt":"Desde Estudi ROMA defendemos que el futuro pasa por rehabilitar antes que construir de nuevo: recuperar edificios y pisos vac\u00edos [&hellip;]","_links":{"self":[{"href":"https:\/\/estudiroma.com\/es\/wp-json\/wp\/v2\/pages\/368","targetHints":{"allow":["GET"]}}],"collection":[{"href":"https:\/\/estudiroma.com\/es\/wp-json\/wp\/v2\/pages"}],"about":[{"href":"https:\/\/estudiroma.com\/es\/wp-json\/wp\/v2\/types\/page"}],"author":[{"embeddable":true,"href":"https:\/\/estudiroma.com\/es\/wp-json\/wp\/v2\/users\/1"}],"replies":[{"embeddable":true,"href":"https:\/\/estudiroma.com\/es\/wp-json\/wp\/v2\/comments?post=368"}],"version-history":[{"count":6,"href":"https:\/\/estudiroma.com\/es\/wp-json\/wp\/v2\/pages\/368\/revisions"}],"predecessor-version":[{"id":462,"href":"https:\/\/estudiroma.com\/es\/wp-json\/wp\/v2\/pages\/368\/revisions\/462"}],"wp:attachment":[{"href":"https:\/\/estudiroma.com\/es\/wp-json\/wp\/v2\/media?parent=368"}],"curies":[{"name":"wp","href":"https:\/\/api.w.org\/{rel}","templated":true}]}}